{"id":4477,"date":"2022-04-23T10:31:47","date_gmt":"2022-04-23T08:31:47","guid":{"rendered":"https:\/\/www.sinjoris.com\/about\/"},"modified":"2024-04-30T11:10:54","modified_gmt":"2024-04-30T09:10:54","slug":"about","status":"publish","type":"page","link":"https:\/\/www.sunturist.com\/de\/about\/","title":{"rendered":"\u00dcber uns"},"content":{"rendered":"","protected":false},"excerpt":{"rendered":"<p>Schenken Sie uns Ihr Vertrauen und genie\u00dfen Sie die zahlreichen Erlebnisse, welche von einem fachkundigen Team organisiert und tagt\u00e4glich betreut werden. Unsere umfassende Erfahrung erm\u00f6glicht es uns, Ihren Urlaub auf der Insel Pag auf eine Art zu organisieren, die Sie lange als sch\u00f6ne Erinnerung im Ged\u00e4chtnis behalten werden.<\/p>\n","protected":false},"author":1,"featured_media":7698,"parent":0,"menu_order":4,"comment_status":"closed","ping_status":"closed","template":"","meta":{"_acf_changed":false,"slim_seo":{"title":"\u00dcber uns - Sunturist","description":"Schenken Sie uns Ihr Vertrauen und genie\u00dfen Sie die zahlreichen Erlebnisse, welche von einem fachkundigen Team organisiert und tagt\u00e4glich betreut werden. Unsere"},"footnotes":""},"class_list":["post-4477","page","type-page","status-publish","has-post-thumbnail","hentry"],"acf":[],"meta_box":{"red_bus_timetable":"","blue_bus_timetable":"","stations_and_lines":""},"_links":{"self":[{"href":"https:\/\/www.sunturist.com\/de\/wp-json\/wp\/v2\/pages\/4477","targetHints":{"allow":["GET"]}}],"collection":[{"href":"https:\/\/www.sunturist.com\/de\/wp-json\/wp\/v2\/pages"}],"about":[{"href":"https:\/\/www.sunturist.com\/de\/wp-json\/wp\/v2\/types\/page"}],"author":[{"embeddable":true,"href":"https:\/\/www.sunturist.com\/de\/wp-json\/wp\/v2\/users\/1"}],"replies":[{"embeddable":true,"href":"https:\/\/www.sunturist.com\/de\/wp-json\/wp\/v2\/comments?post=4477"}],"version-history":[{"count":0,"href":"https:\/\/www.sunturist.com\/de\/wp-json\/wp\/v2\/pages\/4477\/revisions"}],"wp:featuredmedia":[{"embeddable":true,"href":"https:\/\/www.sunturist.com\/de\/wp-json\/wp\/v2\/media\/7698"}],"wp:attachment":[{"href":"https:\/\/www.sunturist.com\/de\/wp-json\/wp\/v2\/media?parent=4477"}],"curies":[{"name":"wp","href":"https:\/\/api.w.org\/{rel}","templated":true}]}}