{"id":4575,"date":"2022-05-16T19:00:06","date_gmt":"2022-05-16T17:00:06","guid":{"rendered":"https:\/\/www.sinjoris.com\/tickets\/"},"modified":"2024-08-11T09:05:02","modified_gmt":"2024-08-11T07:05:02","slug":"tickets","status":"publish","type":"page","link":"https:\/\/www.sunturist.com\/de\/tickets\/","title":{"rendered":"Tickets"},"content":{"rendered":"<p>Bitte f\u00fcllen Sie f\u00fcr Ihre Ticketfrage das Anfrageformular aus. Wir werden Ihnen schnellst m\u00f6glich ein passendes Angebot zukommen lassen.<\/p>\n","protected":false},"excerpt":{"rendered":"<p>Bitte f\u00fcllen Sie f\u00fcr Ihre Ticketfrage das Anfrageformular aus. Wir werden Ihnen schnellst m\u00f6glich ein passendes Angebot zukommen lassen.<\/p>\n","protected":false},"author":1,"featured_media":4576,"parent":0,"menu_order":106,"comment_status":"closed","ping_status":"closed","template":"","meta":{"_acf_changed":false,"slim_seo":{"title":"Tickets - Sunturist","description":"Tickets Bitte f\u00fcllen Sie f\u00fcr Ihre Ticketfrage das Anfrageformular aus. Wir werden Ihnen schnellst m\u00f6glich ein passendes Angebot zukommen lassen."},"footnotes":""},"hf_cat_page":[],"class_list":["post-4575","page","type-page","status-publish","has-post-thumbnail","hentry"],"acf":[],"meta_box":{"red_bus_timetable":"","blue_bus_timetable":"","stations_and_lines":""},"_links":{"self":[{"href":"https:\/\/www.sunturist.com\/de\/wp-json\/wp\/v2\/pages\/4575","targetHints":{"allow":["GET"]}}],"collection":[{"href":"https:\/\/www.sunturist.com\/de\/wp-json\/wp\/v2\/pages"}],"about":[{"href":"https:\/\/www.sunturist.com\/de\/wp-json\/wp\/v2\/types\/page"}],"author":[{"embeddable":true,"href":"https:\/\/www.sunturist.com\/de\/wp-json\/wp\/v2\/users\/1"}],"replies":[{"embeddable":true,"href":"https:\/\/www.sunturist.com\/de\/wp-json\/wp\/v2\/comments?post=4575"}],"version-history":[{"count":0,"href":"https:\/\/www.sunturist.com\/de\/wp-json\/wp\/v2\/pages\/4575\/revisions"}],"wp:featuredmedia":[{"embeddable":true,"href":"https:\/\/www.sunturist.com\/de\/wp-json\/wp\/v2\/media\/4576"}],"wp:attachment":[{"href":"https:\/\/www.sunturist.com\/de\/wp-json\/wp\/v2\/media?parent=4575"}],"wp:term":[{"taxonomy":"hf_cat_page","embeddable":true,"href":"https:\/\/www.sunturist.com\/de\/wp-json\/wp\/v2\/hf_cat_page?post=4575"}],"curies":[{"name":"wp","href":"https:\/\/api.w.org\/{rel}","templated":true}]}}