{"id":22784,"date":"2023-07-06T18:29:43","date_gmt":"2023-07-06T16:29:43","guid":{"rendered":"https:\/\/www.sunturist.com\/eu-projekt\/"},"modified":"2026-03-04T13:57:36","modified_gmt":"2026-03-04T12:57:36","slug":"eu-projekt","status":"publish","type":"page","link":"https:\/\/www.sunturist.com\/hr\/eu-projekti\/","title":{"rendered":"EU projekti"},"content":{"rendered":"","protected":false},"excerpt":{"rendered":"<p><strong>Naziv projekta<\/strong> \u2013 Ja\u010danje me\u0111unarodne konkurentnosti dru\u0161tva pove\u0107anjem poslovne suradnje s inozemnim partnerima<\/p>\n","protected":false},"author":1,"featured_media":34522,"parent":0,"menu_order":52,"comment_status":"closed","ping_status":"closed","template":"","meta":{"_acf_changed":false,"slim_seo":{"title":"EU projekti - Sunturist","description":"Naziv projekta \u2013 Ja\u010danje me\u0111unarodne konkurentnosti dru\u0161tva pove\u0107anjem poslovne suradnje s inozemnim partnerima"},"footnotes":""},"hf_cat_page":[],"class_list":["post-22784","page","type-page","status-publish","has-post-thumbnail","hentry"],"acf":[],"meta_box":{"red_bus_timetable":"","blue_bus_timetable":"","stations_and_lines":""},"_links":{"self":[{"href":"https:\/\/www.sunturist.com\/hr\/wp-json\/wp\/v2\/pages\/22784","targetHints":{"allow":["GET"]}}],"collection":[{"href":"https:\/\/www.sunturist.com\/hr\/wp-json\/wp\/v2\/pages"}],"about":[{"href":"https:\/\/www.sunturist.com\/hr\/wp-json\/wp\/v2\/types\/page"}],"author":[{"embeddable":true,"href":"https:\/\/www.sunturist.com\/hr\/wp-json\/wp\/v2\/users\/1"}],"replies":[{"embeddable":true,"href":"https:\/\/www.sunturist.com\/hr\/wp-json\/wp\/v2\/comments?post=22784"}],"version-history":[{"count":1,"href":"https:\/\/www.sunturist.com\/hr\/wp-json\/wp\/v2\/pages\/22784\/revisions"}],"predecessor-version":[{"id":50192,"href":"https:\/\/www.sunturist.com\/hr\/wp-json\/wp\/v2\/pages\/22784\/revisions\/50192"}],"wp:featuredmedia":[{"embeddable":true,"href":"https:\/\/www.sunturist.com\/hr\/wp-json\/wp\/v2\/media\/34522"}],"wp:attachment":[{"href":"https:\/\/www.sunturist.com\/hr\/wp-json\/wp\/v2\/media?parent=22784"}],"wp:term":[{"taxonomy":"hf_cat_page","embeddable":true,"href":"https:\/\/www.sunturist.com\/hr\/wp-json\/wp\/v2\/hf_cat_page?post=22784"}],"curies":[{"name":"wp","href":"https:\/\/api.w.org\/{rel}","templated":true}]}}