{"id":4533,"date":"2022-04-23T09:15:20","date_gmt":"2022-04-23T07:15:20","guid":{"rendered":"https:\/\/www.sinjoris.com\/contact\/"},"modified":"2026-04-24T13:57:56","modified_gmt":"2026-04-24T11:57:56","slug":"contact","status":"publish","type":"page","link":"https:\/\/www.sunturist.com\/hr\/contact\/","title":{"rendered":"Kontakt"},"content":{"rendered":"","protected":false},"excerpt":{"rendered":"<p>Za sva pitanja, individualne upite i personalizirane preporuke, na\u0161 vam je tim na raspolaganju. Obratite nam se s povjerenjem, a mi \u0107emo se pobrinuti da va\u0161e iskustvo zapo\u010dne uz stru\u010dnu podr\u0161ku i pa\u017eljivo osmi\u0161ljenu uslugu.<\/p>\n","protected":false},"author":1,"featured_media":7704,"parent":0,"menu_order":34,"comment_status":"closed","ping_status":"closed","template":"","meta":{"_acf_changed":false,"slim_seo":{"title":"Kontakt - Sunturist","description":"Za sva pitanja, individualne upite i personalizirane preporuke, na\u0161 vam je tim na raspolaganju. Obratite nam se s povjerenjem, a mi \u0107emo se pobrinuti da va\u0161e is"},"footnotes":""},"hf_cat_page":[],"class_list":["post-4533","page","type-page","status-publish","has-post-thumbnail","hentry"],"acf":[],"meta_box":{"red_bus_timetable":"","blue_bus_timetable":"","stations_and_lines":""},"_links":{"self":[{"href":"https:\/\/www.sunturist.com\/hr\/wp-json\/wp\/v2\/pages\/4533","targetHints":{"allow":["GET"]}}],"collection":[{"href":"https:\/\/www.sunturist.com\/hr\/wp-json\/wp\/v2\/pages"}],"about":[{"href":"https:\/\/www.sunturist.com\/hr\/wp-json\/wp\/v2\/types\/page"}],"author":[{"embeddable":true,"href":"https:\/\/www.sunturist.com\/hr\/wp-json\/wp\/v2\/users\/1"}],"replies":[{"embeddable":true,"href":"https:\/\/www.sunturist.com\/hr\/wp-json\/wp\/v2\/comments?post=4533"}],"version-history":[{"count":1,"href":"https:\/\/www.sunturist.com\/hr\/wp-json\/wp\/v2\/pages\/4533\/revisions"}],"predecessor-version":[{"id":71082,"href":"https:\/\/www.sunturist.com\/hr\/wp-json\/wp\/v2\/pages\/4533\/revisions\/71082"}],"wp:featuredmedia":[{"embeddable":true,"href":"https:\/\/www.sunturist.com\/hr\/wp-json\/wp\/v2\/media\/7704"}],"wp:attachment":[{"href":"https:\/\/www.sunturist.com\/hr\/wp-json\/wp\/v2\/media?parent=4533"}],"wp:term":[{"taxonomy":"hf_cat_page","embeddable":true,"href":"https:\/\/www.sunturist.com\/hr\/wp-json\/wp\/v2\/hf_cat_page?post=4533"}],"curies":[{"name":"wp","href":"https:\/\/api.w.org\/{rel}","templated":true}]}}