{"id":5270,"date":"2022-11-22T16:03:43","date_gmt":"2022-11-22T15:03:43","guid":{"rendered":"https:\/\/www.sinjoris.com\/tailor-made\/"},"modified":"2026-04-21T09:28:01","modified_gmt":"2026-04-21T07:28:01","slug":"fatto-su-misura","status":"publish","type":"page","link":"https:\/\/www.sunturist.com\/it\/fatto-su-misura\/","title":{"rendered":"Fatto su misura"},"content":{"rendered":"","protected":false},"excerpt":{"rendered":"<p>Se preferisce un programma tailor-made, siamo felici di creare uno per Lei! Con oltre 30 anni di esperienza nell\u2019organizzazione di viaggi, eventi e alloggio, siamo sicuri di poter creare il tour perfetto per Lei. Poich\u00e9 la nostra agenzia di viaggi \u00e8 una societ\u00e0 DMC, abbiamo una grande conoscenza di dove alloggiare, cosa vedere e gustare e quali esperienze vivere. Confidi nelle nostre capacit\u00e0 e ci dia l\u2019opportunit\u00e0 di consigliarLe al meglio.<\/p>\n","protected":false},"author":1,"featured_media":7689,"parent":0,"menu_order":99,"comment_status":"closed","ping_status":"closed","template":"","meta":{"_acf_changed":false,"slim_seo":{"title":"Fatto su misura - Sunturist","description":"Se preferisce un programma tailor-made, siamo felici di creare uno per Lei! Con oltre 30 anni di esperienza nell\u2019organizzazione di viaggi, eventi e alloggio, si"},"footnotes":""},"hf_cat_page":[],"class_list":["post-5270","page","type-page","status-publish","has-post-thumbnail","hentry"],"acf":[],"meta_box":{"red_bus_timetable":"","blue_bus_timetable":"","stations_and_lines":""},"_links":{"self":[{"href":"https:\/\/www.sunturist.com\/it\/wp-json\/wp\/v2\/pages\/5270","targetHints":{"allow":["GET"]}}],"collection":[{"href":"https:\/\/www.sunturist.com\/it\/wp-json\/wp\/v2\/pages"}],"about":[{"href":"https:\/\/www.sunturist.com\/it\/wp-json\/wp\/v2\/types\/page"}],"author":[{"embeddable":true,"href":"https:\/\/www.sunturist.com\/it\/wp-json\/wp\/v2\/users\/1"}],"replies":[{"embeddable":true,"href":"https:\/\/www.sunturist.com\/it\/wp-json\/wp\/v2\/comments?post=5270"}],"version-history":[{"count":3,"href":"https:\/\/www.sunturist.com\/it\/wp-json\/wp\/v2\/pages\/5270\/revisions"}],"predecessor-version":[{"id":71027,"href":"https:\/\/www.sunturist.com\/it\/wp-json\/wp\/v2\/pages\/5270\/revisions\/71027"}],"wp:featuredmedia":[{"embeddable":true,"href":"https:\/\/www.sunturist.com\/it\/wp-json\/wp\/v2\/media\/7689"}],"wp:attachment":[{"href":"https:\/\/www.sunturist.com\/it\/wp-json\/wp\/v2\/media?parent=5270"}],"wp:term":[{"taxonomy":"hf_cat_page","embeddable":true,"href":"https:\/\/www.sunturist.com\/it\/wp-json\/wp\/v2\/hf_cat_page?post=5270"}],"curies":[{"name":"wp","href":"https:\/\/api.w.org\/{rel}","templated":true}]}}